{"id":9,"date":"2023-06-16T23:09:32","date_gmt":"2023-06-16T21:09:32","guid":{"rendered":"https:\/\/s2m-consulting.fr\/?page_id=9"},"modified":"2023-06-19T14:01:58","modified_gmt":"2023-06-19T12:01:58","slug":"qui-sommes-nous","status":"publish","type":"page","link":"https:\/\/s2m-consulting.fr\/","title":{"rendered":"Qui sommes nous ?"},"content":{"rendered":"\n<p class=\"has-text-align-left\" style=\"font-size:20px\"><strong>S2M Consulting est une soci\u00e9t\u00e9 d\u2019ing\u00e9nierie et de conseil op\u00e9rationnel sp\u00e9cialis\u00e9e dans l\u2019ing\u00e9nierie de projets complexes et dans les services IT.<\/strong><\/p>\n\n\n\n<p class=\"has-text-align-left\" style=\"font-size:20px\"><strong>Le c\u0153ur de notre m\u00e9tier est notre capacit\u00e9 \u00e0 mettre en \u0153uvre des comp\u00e9tences pour la r\u00e9ussite d\u2019un projet.<\/strong><\/p>\n\n\n\n<p class=\"has-text-align-left\" style=\"font-size:20px\"><strong>Nous disposons de ressources et d\u2019expertises nous permettant de mobiliser des \u00e9quipes et des comp\u00e9tences pour r\u00e9pondre aux challenges de nos clients.<\/strong><\/p>\n\n\n<div class=\"wp-block-image\">\n<figure class=\"aligncenter size-large is-resized\"><img loading=\"lazy\" decoding=\"async\" src=\"https:\/\/s2m-consulting.fr\/wp-content\/uploads\/2023\/06\/image-1-1024x267.png\" alt=\"\" class=\"wp-image-45\" width=\"522\" height=\"136\" srcset=\"https:\/\/s2m-consulting.fr\/wp-content\/uploads\/2023\/06\/image-1-1024x267.png 1024w, https:\/\/s2m-consulting.fr\/wp-content\/uploads\/2023\/06\/image-1-300x78.png 300w, https:\/\/s2m-consulting.fr\/wp-content\/uploads\/2023\/06\/image-1-768x201.png 768w, https:\/\/s2m-consulting.fr\/wp-content\/uploads\/2023\/06\/image-1.png 1057w\" sizes=\"auto, (max-width: 522px) 100vw, 522px\" \/><\/figure>\n<\/div>","protected":false},"excerpt":{"rendered":"<p>S2M Consulting est une soci\u00e9t\u00e9 d\u2019ing\u00e9nierie et de conseil op\u00e9rationnel sp\u00e9cialis\u00e9e dans l\u2019ing\u00e9nierie de projets complexes et dans les services IT. Le c\u0153ur de notre [&hellip;]<\/p>\n","protected":false},"author":1,"featured_media":0,"parent":0,"menu_order":1,"comment_status":"closed","ping_status":"closed","template":"","meta":{"footnotes":""},"class_list":["post-9","page","type-page","status-publish","hentry"],"_links":{"self":[{"href":"https:\/\/s2m-consulting.fr\/index.php\/wp-json\/wp\/v2\/pages\/9","targetHints":{"allow":["GET"]}}],"collection":[{"href":"https:\/\/s2m-consulting.fr\/index.php\/wp-json\/wp\/v2\/pages"}],"about":[{"href":"https:\/\/s2m-consulting.fr\/index.php\/wp-json\/wp\/v2\/types\/page"}],"author":[{"embeddable":true,"href":"https:\/\/s2m-consulting.fr\/index.php\/wp-json\/wp\/v2\/users\/1"}],"replies":[{"embeddable":true,"href":"https:\/\/s2m-consulting.fr\/index.php\/wp-json\/wp\/v2\/comments?post=9"}],"version-history":[{"count":5,"href":"https:\/\/s2m-consulting.fr\/index.php\/wp-json\/wp\/v2\/pages\/9\/revisions"}],"predecessor-version":[{"id":64,"href":"https:\/\/s2m-consulting.fr\/index.php\/wp-json\/wp\/v2\/pages\/9\/revisions\/64"}],"wp:attachment":[{"href":"https:\/\/s2m-consulting.fr\/index.php\/wp-json\/wp\/v2\/media?parent=9"}],"curies":[{"name":"wp","href":"https:\/\/api.w.org\/{rel}","templated":true}]}}